{"id":403,"date":"2024-11-16T19:55:22","date_gmt":"2024-11-16T12:55:22","guid":{"rendered":"https:\/\/hugvietnam.com\/?page_id=403"},"modified":"2024-11-24T01:13:41","modified_gmt":"2024-11-23T18:13:41","slug":"ban-la-nguoi-duy-nhat-co-the-thay-doi-cuoc-doi-minh-carol-burnett","status":"publish","type":"page","link":"https:\/\/hugvietnam.com\/","title":{"rendered":"Trang ch\u1ee7"},"content":{"rendered":"\n<div class=\"wp-block-cover has-custom-content-position is-position-bottom-center\"><span aria-hidden=\"true\" class=\"wp-block-cover__background has-background-dim\"><\/span><img loading=\"lazy\" decoding=\"async\" width=\"1024\" height=\"682\" class=\"wp-block-cover__image-background wp-image-207\" alt=\"\" src=\"https:\/\/hugvietnam.com\/wp-content\/uploads\/2024\/11\/RED04701-e1731507675393.jpg\" data-object-fit=\"cover\"\/><div class=\"wp-block-cover__inner-container is-layout-flow wp-block-cover-is-layout-flow\">\n<p class=\"has-text-align-center has-large-font-size\">\u201cThay \u0111\u1ed5i v\u00e0 ki\u1ec3m so\u00e1t t\u1ed1t b\u1ea3n th\u00e2n m\u00ecnh. B\u1ea1n s\u1ebd thay \u0111\u1ed5i c\u1ea3 th\u1ebf gi\u1edbi&#8221; <\/p>\n<\/div><\/div>\n\n\n\n<p>B\u00e0<a href=\"https:\/\/hugvietnam.com\/?page_id=412\" data-type=\"page\" data-id=\"412\"> KAMONLUCK HONGYOK<\/a> &#8211; <strong><a href=\"https:\/\/hugvietnam.com\/?page_id=412\" data-type=\"page\" data-id=\"412\">Chuy\u00ean gia t\u01b0 v\u1ea5n<\/a><\/strong><\/p>\n\n\n\n<p><\/p>\n\n\n\n<div class=\"wp-block-columns is-layout-flex wp-container-core-columns-is-layout-1 wp-block-columns-is-layout-flex\">\n<div class=\"wp-block-column is-layout-flow wp-block-column-is-layout-flow\">\n<figure class=\"wp-block-embed is-type-video is-provider-youtube wp-block-embed-youtube wp-embed-aspect-16-9 wp-has-aspect-ratio\"><div class=\"wp-block-embed__wrapper\">\n<iframe loading=\"lazy\" title=\"Gi\u1edbi thi\u1ec7u ch\u01b0\u01a1ng tr\u00ecnh TVTN L\u00c3NH \u0110\u1ea0O \u0110\u1ebeN TH\u00c0NH C\u00d4NG B\u1eb0NG TR\u00c1I TIM\" width=\"843\" height=\"474\" src=\"https:\/\/www.youtube.com\/embed\/8kOeO-RKMWQ?start=5&#038;feature=oembed\" frameborder=\"0\" allow=\"accelerometer; autoplay; clipboard-write; encrypted-media; gyroscope; picture-in-picture; web-share\" referrerpolicy=\"strict-origin-when-cross-origin\" allowfullscreen><\/iframe>\n<\/div><\/figure>\n<\/div>\n\n\n\n<div class=\"wp-block-column is-layout-flow wp-block-column-is-layout-flow\">\n<div class=\"wp-block-greenshift-blocks-video aligncenter gs-video video gspb_video-id-gsbp-ffbbf13\" id=\"gs-video-gsbp-ffbbf13\"><div class=\"gs-video-wrapper\" itemscope><div class=\"gs-video-element\" data-src=\"https:\/\/videos.files.wordpress.com\/tPjjdQan\/gioi-thieu-ngan-ve-hug-vietnam.mp4\" data-autoplay=\"true\" data-playsinline=\"true\" data-controls=\"true\" data-loop=\"true\" data-mute=\"true\" data-poster=\"\" data-provider=\"video\" data-overlay=\"false\" data-lightbox=\"false\"><\/div><\/div><\/div>\n<\/div>\n\n\n\n<div class=\"wp-block-column is-layout-flow wp-block-column-is-layout-flow\">\n<figure class=\"wp-block-embed is-type-video is-provider-youtube wp-block-embed-youtube wp-embed-aspect-16-9 wp-has-aspect-ratio\"><div class=\"wp-block-embed__wrapper\">\n<iframe loading=\"lazy\" title=\"Leadership to Success with Heart #hugvietnam #phattrienbanthan #giaoduc #tintuc #baihoccuocsong\" width=\"843\" height=\"474\" src=\"https:\/\/www.youtube.com\/embed\/5qP9YgydhUE?feature=oembed\" frameborder=\"0\" allow=\"accelerometer; autoplay; clipboard-write; encrypted-media; gyroscope; picture-in-picture; web-share\" referrerpolicy=\"strict-origin-when-cross-origin\" allowfullscreen><\/iframe>\n<\/div><\/figure>\n<\/div>\n<\/div>\n\n\n\n<p>\u0110\u1ec3 xem th\u00eam nhi\u1ec1u Video kh\u00e1c, xin vui l\u00f2ng v\u00e0o <strong><a href=\"https:\/\/www.youtube.com\/@hugvietnam2019\">K\u00eanh Youtube c\u1ee7a HUG VIETNAM<\/a><\/strong><\/p>\n\n\n\n<div class=\"wp-block-columns is-layout-flex wp-container-core-columns-is-layout-2 wp-block-columns-is-layout-flex\">\n<div class=\"wp-block-column is-layout-flow wp-block-column-is-layout-flow\">\n<p><\/p>\n\n\n\n<figure class=\"wp-block-embed is-type-video is-provider-youtube wp-block-embed-youtube wp-embed-aspect-16-9 wp-has-aspect-ratio\"><div class=\"wp-block-embed__wrapper\">\n<iframe loading=\"lazy\" title=\"\u0110\u00e1nh th\u1ee9c c\u1ea3m x\u00fac\" width=\"843\" height=\"474\" src=\"https:\/\/www.youtube.com\/embed\/3er-yrFEO3I?list=PLKWWZxvwLWXK7E7C8y8uRDlrPf4XEW4vq\" frameborder=\"0\" allow=\"accelerometer; autoplay; clipboard-write; encrypted-media; gyroscope; picture-in-picture; web-share\" referrerpolicy=\"strict-origin-when-cross-origin\" allowfullscreen><\/iframe>\n<\/div><\/figure>\n<\/div>\n\n\n\n<div class=\"wp-block-column is-layout-flow wp-block-column-is-layout-flow\">\n<div class=\"wp-block-jetpack-slideshow alignfull\" data-effect=\"slide\"><div class=\"wp-block-jetpack-slideshow_container swiper-container\"><ul class=\"wp-block-jetpack-slideshow_swiper-wrapper swiper-wrapper\"><li class=\"wp-block-jetpack-slideshow_slide swiper-slide\"><figure><img loading=\"lazy\" decoding=\"async\" width=\"1024\" height=\"682\" alt=\"\" class=\"wp-block-jetpack-slideshow_image wp-image-209\" data-id=\"209\" src=\"https:\/\/hugvietnam.com\/wp-content\/uploads\/2024\/11\/RED05555-1024x682.jpg\" srcset=\"https:\/\/hugvietnam.com\/wp-content\/uploads\/2024\/11\/RED05555-1024x682.jpg 1024w, https:\/\/hugvietnam.com\/wp-content\/uploads\/2024\/11\/RED05555-300x200.jpg 300w, https:\/\/hugvietnam.com\/wp-content\/uploads\/2024\/11\/RED05555-768x512.jpg 768w, https:\/\/hugvietnam.com\/wp-content\/uploads\/2024\/11\/RED05555-1536x1024.jpg 1536w, https:\/\/hugvietnam.com\/wp-content\/uploads\/2024\/11\/RED05555.jpg 2012w\" sizes=\"auto, (max-width: 1024px) 100vw, 1024px\" \/><\/figure><\/li><li class=\"wp-block-jetpack-slideshow_slide swiper-slide\"><figure><img loading=\"lazy\" decoding=\"async\" width=\"1024\" height=\"682\" alt=\"\" class=\"wp-block-jetpack-slideshow_image wp-image-212\" data-id=\"212\" src=\"https:\/\/hugvietnam.com\/wp-content\/uploads\/2024\/11\/RED04885-1024x682.jpg\" srcset=\"https:\/\/hugvietnam.com\/wp-content\/uploads\/2024\/11\/RED04885-1024x682.jpg 1024w, https:\/\/hugvietnam.com\/wp-content\/uploads\/2024\/11\/RED04885-300x200.jpg 300w, https:\/\/hugvietnam.com\/wp-content\/uploads\/2024\/11\/RED04885-768x512.jpg 768w, https:\/\/hugvietnam.com\/wp-content\/uploads\/2024\/11\/RED04885-1536x1024.jpg 1536w, https:\/\/hugvietnam.com\/wp-content\/uploads\/2024\/11\/RED04885.jpg 2012w\" sizes=\"auto, (max-width: 1024px) 100vw, 1024px\" \/><\/figure><\/li><li class=\"wp-block-jetpack-slideshow_slide swiper-slide\"><figure><img loading=\"lazy\" decoding=\"async\" width=\"1024\" height=\"682\" alt=\"\" class=\"wp-block-jetpack-slideshow_image wp-image-211\" data-id=\"211\" src=\"https:\/\/hugvietnam.com\/wp-content\/uploads\/2024\/11\/RED05550-1024x682.jpg\"\/><\/figure><\/li><li class=\"wp-block-jetpack-slideshow_slide swiper-slide\"><figure><img loading=\"lazy\" decoding=\"async\" width=\"1024\" height=\"682\" alt=\"\" class=\"wp-block-jetpack-slideshow_image wp-image-213\" data-id=\"213\" src=\"https:\/\/hugvietnam.com\/wp-content\/uploads\/2024\/11\/RED04979-1024x682.jpg\"\/><\/figure><\/li><li class=\"wp-block-jetpack-slideshow_slide swiper-slide\"><figure><img loading=\"lazy\" decoding=\"async\" width=\"1024\" height=\"683\" alt=\"\" class=\"wp-block-jetpack-slideshow_image wp-image-208\" data-id=\"208\" src=\"https:\/\/hugvietnam.com\/wp-content\/uploads\/2024\/11\/RED05647-1024x683.jpg\" srcset=\"https:\/\/hugvietnam.com\/wp-content\/uploads\/2024\/11\/RED05647-1024x683.jpg 1024w, https:\/\/hugvietnam.com\/wp-content\/uploads\/2024\/11\/RED05647-300x200.jpg 300w, https:\/\/hugvietnam.com\/wp-content\/uploads\/2024\/11\/RED05647-768x512.jpg 768w, https:\/\/hugvietnam.com\/wp-content\/uploads\/2024\/11\/RED05647-1536x1024.jpg 1536w\" sizes=\"auto, (max-width: 1024px) 100vw, 1024px\" \/><\/figure><\/li><li class=\"wp-block-jetpack-slideshow_slide swiper-slide\"><figure><img loading=\"lazy\" decoding=\"async\" width=\"1024\" height=\"682\" alt=\"\" class=\"wp-block-jetpack-slideshow_image wp-image-214\" data-id=\"214\" src=\"https:\/\/hugvietnam.com\/wp-content\/uploads\/2024\/11\/RED04328-1024x682.jpg\" srcset=\"https:\/\/hugvietnam.com\/wp-content\/uploads\/2024\/11\/RED04328-1024x682.jpg 1024w, https:\/\/hugvietnam.com\/wp-content\/uploads\/2024\/11\/RED04328-300x200.jpg 300w, https:\/\/hugvietnam.com\/wp-content\/uploads\/2024\/11\/RED04328-768x512.jpg 768w, https:\/\/hugvietnam.com\/wp-content\/uploads\/2024\/11\/RED04328-1536x1024.jpg 1536w, https:\/\/hugvietnam.com\/wp-content\/uploads\/2024\/11\/RED04328.jpg 2012w\" sizes=\"auto, (max-width: 1024px) 100vw, 1024px\" \/><\/figure><\/li><li class=\"wp-block-jetpack-slideshow_slide swiper-slide\"><figure><img loading=\"lazy\" decoding=\"async\" width=\"1024\" height=\"682\" alt=\"\" class=\"wp-block-jetpack-slideshow_image wp-image-215\" data-id=\"215\" src=\"https:\/\/hugvietnam.com\/wp-content\/uploads\/2024\/11\/RED04825-1024x682.jpg\" srcset=\"https:\/\/hugvietnam.com\/wp-content\/uploads\/2024\/11\/RED04825-1024x682.jpg 1024w, https:\/\/hugvietnam.com\/wp-content\/uploads\/2024\/11\/RED04825-300x200.jpg 300w, https:\/\/hugvietnam.com\/wp-content\/uploads\/2024\/11\/RED04825-768x512.jpg 768w, https:\/\/hugvietnam.com\/wp-content\/uploads\/2024\/11\/RED04825-1536x1024.jpg 1536w, https:\/\/hugvietnam.com\/wp-content\/uploads\/2024\/11\/RED04825.jpg 2012w\" sizes=\"auto, (max-width: 1024px) 100vw, 1024px\" \/><\/figure><\/li><li class=\"wp-block-jetpack-slideshow_slide swiper-slide\"><figure><img loading=\"lazy\" decoding=\"async\" width=\"1024\" height=\"683\" alt=\"\" class=\"wp-block-jetpack-slideshow_image wp-image-206\" data-id=\"206\" src=\"https:\/\/hugvietnam.com\/wp-content\/uploads\/2019\/08\/20230521_091521-1024x683.jpg\" srcset=\"https:\/\/hugvietnam.com\/wp-content\/uploads\/2019\/08\/20230521_091521-1024x683.jpg 1024w, https:\/\/hugvietnam.com\/wp-content\/uploads\/2019\/08\/20230521_091521-300x200.jpg 300w, https:\/\/hugvietnam.com\/wp-content\/uploads\/2019\/08\/20230521_091521-768x512.jpg 768w, https:\/\/hugvietnam.com\/wp-content\/uploads\/2019\/08\/20230521_091521-1536x1024.jpg 1536w, https:\/\/hugvietnam.com\/wp-content\/uploads\/2019\/08\/20230521_091521-2048x1365.jpg 2048w\" sizes=\"auto, (max-width: 1024px) 100vw, 1024px\" \/><\/figure><\/li><li class=\"wp-block-jetpack-slideshow_slide swiper-slide\"><figure><img loading=\"lazy\" decoding=\"async\" width=\"1024\" height=\"681\" alt=\"\" class=\"wp-block-jetpack-slideshow_image wp-image-629\" data-id=\"629\" src=\"https:\/\/hugvietnam.com\/wp-content\/uploads\/2024\/11\/HUG-K8_-0149-1024x681.jpg\" srcset=\"https:\/\/hugvietnam.com\/wp-content\/uploads\/2024\/11\/HUG-K8_-0149-1024x681.jpg 1024w, https:\/\/hugvietnam.com\/wp-content\/uploads\/2024\/11\/HUG-K8_-0149-300x199.jpg 300w, https:\/\/hugvietnam.com\/wp-content\/uploads\/2024\/11\/HUG-K8_-0149-768x511.jpg 768w, https:\/\/hugvietnam.com\/wp-content\/uploads\/2024\/11\/HUG-K8_-0149-1536x1021.jpg 1536w, https:\/\/hugvietnam.com\/wp-content\/uploads\/2024\/11\/HUG-K8_-0149-600x400.jpg 600w, https:\/\/hugvietnam.com\/wp-content\/uploads\/2024\/11\/HUG-K8_-0149.jpg 1734w\" sizes=\"auto, (max-width: 1024px) 100vw, 1024px\" \/><\/figure><\/li><li class=\"wp-block-jetpack-slideshow_slide swiper-slide\"><figure><img loading=\"lazy\" decoding=\"async\" width=\"1024\" height=\"681\" alt=\"\" class=\"wp-block-jetpack-slideshow_image wp-image-627\" data-id=\"627\" src=\"https:\/\/hugvietnam.com\/wp-content\/uploads\/2024\/11\/HUG-K8_-0083-1024x681.jpg\" srcset=\"https:\/\/hugvietnam.com\/wp-content\/uploads\/2024\/11\/HUG-K8_-0083-1024x681.jpg 1024w, https:\/\/hugvietnam.com\/wp-content\/uploads\/2024\/11\/HUG-K8_-0083-300x199.jpg 300w, https:\/\/hugvietnam.com\/wp-content\/uploads\/2024\/11\/HUG-K8_-0083-768x511.jpg 768w, https:\/\/hugvietnam.com\/wp-content\/uploads\/2024\/11\/HUG-K8_-0083-1536x1021.jpg 1536w, https:\/\/hugvietnam.com\/wp-content\/uploads\/2024\/11\/HUG-K8_-0083-600x400.jpg 600w, https:\/\/hugvietnam.com\/wp-content\/uploads\/2024\/11\/HUG-K8_-0083.jpg 1734w\" sizes=\"auto, (max-width: 1024px) 100vw, 1024px\" \/><\/figure><\/li><li class=\"wp-block-jetpack-slideshow_slide swiper-slide\"><figure><img loading=\"lazy\" decoding=\"async\" width=\"1024\" height=\"685\" alt=\"\" class=\"wp-block-jetpack-slideshow_image wp-image-205\" data-id=\"205\" src=\"https:\/\/hugvietnam.com\/wp-content\/uploads\/2019\/08\/20230518_140429-1024x685.jpg\" srcset=\"https:\/\/hugvietnam.com\/wp-content\/uploads\/2019\/08\/20230518_140429-1024x685.jpg 1024w, https:\/\/hugvietnam.com\/wp-content\/uploads\/2019\/08\/20230518_140429-300x201.jpg 300w, https:\/\/hugvietnam.com\/wp-content\/uploads\/2019\/08\/20230518_140429-768x514.jpg 768w, https:\/\/hugvietnam.com\/wp-content\/uploads\/2019\/08\/20230518_140429-1536x1027.jpg 1536w, https:\/\/hugvietnam.com\/wp-content\/uploads\/2019\/08\/20230518_140429-2048x1369.jpg 2048w\" sizes=\"auto, (max-width: 1024px) 100vw, 1024px\" \/><\/figure><\/li><li class=\"wp-block-jetpack-slideshow_slide swiper-slide\"><figure><img loading=\"lazy\" decoding=\"async\" width=\"1024\" height=\"682\" alt=\"\" class=\"wp-block-jetpack-slideshow_image wp-image-216\" data-id=\"216\" src=\"https:\/\/hugvietnam.com\/wp-content\/uploads\/2024\/11\/RED04704-1024x682.jpg\"\/><\/figure><\/li><\/ul><a class=\"wp-block-jetpack-slideshow_button-prev swiper-button-prev swiper-button-white\" role=\"button\"><\/a><a class=\"wp-block-jetpack-slideshow_button-next swiper-button-next swiper-button-white\" role=\"button\"><\/a><a aria-label=\"Pause Slideshow\" class=\"wp-block-jetpack-slideshow_button-pause\" role=\"button\"><\/a><div class=\"wp-block-jetpack-slideshow_pagination swiper-pagination swiper-pagination-white\"><\/div><\/div><\/div>\n<\/div>\n\n\n\n<div class=\"wp-block-column is-layout-flow wp-block-column-is-layout-flow\">\n<p><\/p>\n\n\n\n<figure class=\"wp-block-embed aligncenter is-type-video is-provider-youtube wp-block-embed-youtube wp-embed-aspect-16-9 wp-has-aspect-ratio\"><div class=\"wp-block-embed__wrapper\">\n<iframe loading=\"lazy\" title=\"H\u00e0nh tr\u00ecnh thay \u0111\u1ed5i cu\u1ed9c s\u1ed1ng\" width=\"843\" height=\"474\" src=\"https:\/\/www.youtube.com\/embed\/bpkCjO3f3y4?feature=oembed\" frameborder=\"0\" allow=\"accelerometer; autoplay; clipboard-write; encrypted-media; gyroscope; picture-in-picture; web-share\" referrerpolicy=\"strict-origin-when-cross-origin\" allowfullscreen><\/iframe>\n<\/div><\/figure>\n<\/div>\n<\/div>\n\n\n\n<p><\/p>\n","protected":false},"excerpt":{"rendered":"<p>B\u00e0 KAMONLUCK HONGYOK &#8211; Chuy\u00ean gia t\u01b0 v\u1ea5n \u0110\u1ec3 xem th\u00eam nhi\u1ec1u Video kh\u00e1c, xin vui l\u00f2ng v\u00e0o K\u00eanh Youtube c\u1ee7a HUG VIETNAM<\/p>\n","protected":false},"author":4,"featured_media":0,"parent":0,"menu_order":0,"comment_status":"closed","ping_status":"closed","template":"","meta":{"_gspb_post_css":".gs-video{position:relative}.gs-video-wrapper{position:relative;height:inherit;max-width:100%}.gs-video-header{text-align:center}.gs-video-header .gs-video-header-title{font-size:24px;line-height:1.3;font-weight:700;margin:0 0 15px}.gs-video-header .gs-video-header-description{font-size:16px;line-height:1.5;margin:0 0 25px}.gs-video video{display:block}.gs-video .gs-video-element,.gs-video .gs-video-wrapper iframe{width:100%;height:100%;object-fit:cover;border:0}.gs-video .gs-video-wrapper iframe{aspect-ratio:16\/9;display:block}.gs-video-overlay{position:absolute;left:0;top:0;width:100%;height:100%;z-index:3;background-color:rgba(0,0,0,.1);background-size:cover;background-position:center;background-repeat:no-repeat;cursor:pointer}.gs-video-overlay .gs-overlay-color{position:absolute;left:0;top:0;width:100%;height:100%;z-index:2}.gs-video-overlay:hover .gs-play-icon{opacity:1}.gs-video-popup .slbContentOuter{width:100%;max-width:1000px}.gs-video-popup .slbContentOuter .slbContent iframe,.gs-video-popup .slbContentOuter .slbContent video{width:100%;height:100%;object-fit:cover}.gs-video-popup .slbContentOuter .slbContent iframe{aspect-ratio:16\/9}.gs-video-popup .slbCloseBtn{font-size:30px;width:40px;height:40px;line-height:40px;right:0;top:-50px}","jetpack_post_was_ever_published":false,"footnotes":""},"class_list":["post-403","page","type-page","status-publish","hentry"],"jetpack_sharing_enabled":true,"_links":{"self":[{"href":"https:\/\/hugvietnam.com\/index.php?rest_route=\/wp\/v2\/pages\/403","targetHints":{"allow":["GET"]}}],"collection":[{"href":"https:\/\/hugvietnam.com\/index.php?rest_route=\/wp\/v2\/pages"}],"about":[{"href":"https:\/\/hugvietnam.com\/index.php?rest_route=\/wp\/v2\/types\/page"}],"author":[{"embeddable":true,"href":"https:\/\/hugvietnam.com\/index.php?rest_route=\/wp\/v2\/users\/4"}],"replies":[{"embeddable":true,"href":"https:\/\/hugvietnam.com\/index.php?rest_route=%2Fwp%2Fv2%2Fcomments&post=403"}],"version-history":[{"count":0,"href":"https:\/\/hugvietnam.com\/index.php?rest_route=\/wp\/v2\/pages\/403\/revisions"}],"wp:attachment":[{"href":"https:\/\/hugvietnam.com\/index.php?rest_route=%2Fwp%2Fv2%2Fmedia&parent=403"}],"curies":[{"name":"wp","href":"https:\/\/api.w.org\/{rel}","templated":true}]}}