{"id":410,"date":"2024-11-16T20:07:37","date_gmt":"2024-11-16T13:07:37","guid":{"rendered":"https:\/\/hugvietnam.com\/?page_id=410"},"modified":"2024-11-18T00:55:17","modified_gmt":"2024-11-17T17:55:17","slug":"gioi-thieu-h-u-g-viet-nam","status":"publish","type":"page","link":"https:\/\/hugvietnam.com\/?page_id=410","title":{"rendered":"Gi\u1edbi Thi\u1ec7u H.U.G Vi\u1ec7t Nam"},"content":{"rendered":"\n<p><\/p>\n\n\n\n<figure class=\"wp-block-image size-full is-resized\"><img loading=\"lazy\" decoding=\"async\" width=\"1024\" height=\"683\" src=\"https:\/\/hugvietnam.com\/wp-content\/uploads\/2019\/06\/RED00419.png\" alt=\"\" class=\"wp-image-291\" style=\"width:338px;height:auto\" srcset=\"https:\/\/hugvietnam.com\/wp-content\/uploads\/2019\/06\/RED00419.png 1024w, https:\/\/hugvietnam.com\/wp-content\/uploads\/2019\/06\/RED00419-300x200.png 300w, https:\/\/hugvietnam.com\/wp-content\/uploads\/2019\/06\/RED00419-768x512.png 768w, https:\/\/hugvietnam.com\/wp-content\/uploads\/2019\/06\/RED00419-600x400.png 600w\" sizes=\"auto, (max-width: 1024px) 100vw, 1024px\" \/><\/figure>\n\n\n\n<p><\/p>\n\n\n\n<p>H.U.G l\u00e0 vi\u1ebft t\u1eaft c\u1ee7a Human Unlimited Growth, hay c\u00f2n \u0111\u01b0\u1ee3c g\u1ecdi l\u00e0 S\u1ef1 ph\u00e1t tri\u1ec3n kh\u00f4ng gi\u1edbi h\u1ea1n c\u1ee7a con ng\u01b0\u1eddi. <\/p>\n\n\n\n<p>\u1ede H.U.G, ch\u00fang t\u00f4i tin kh\u1ea3 n\u0103ng c\u1ee7a con ng\u01b0\u1eddi l\u00e0 v\u00f4 h\u1ea1n.<\/p>\n\n\n\n<p>C\u00f4ng ty TNHH \u0110\u00e0o t\u1ea1o v\u00e0 ph\u00e1t tri\u1ec3n kh\u00f4ng gi\u1edbi h\u1ea1n con ng\u01b0\u1eddi Vi\u1ec7t nam \u2013 HUG VIETNAM Co. Ltd. <\/p>\n\n\n\n<p>L\u00e0 doanh nghi\u1ec7p c\u00f3 v\u1ed1n \u0111\u1ea7u t\u01b0 n\u01b0\u1edbc ngo\u00e0i ho\u1ea1t \u0111\u1ed9ng trong l\u0129nh v\u1ef1c gi\u00e1o d\u1ee5c v\u00e0 \u0111\u00e0o t\u1ea1o.<\/p>\n\n\n\n<p>Gi\u1ea5y ch\u1ee9ng nh\u1eadn \u0110KKD s\u1ed1: 0101394720.<br>\u0110\u01b0\u1ee3c s\u1ef1 \u0111\u1ed3ng \u00fd c\u1ee7a S\u1edf Gi\u00e1o d\u1ee5c \u0111\u00e0o t\u1ea1o t\u1ea1i v\u0103n b\u1ea3n s\u1ed1:&nbsp; 1172 SGD&amp;\u0110T-KHTC ng\u00e0y 04\/04\/2019&nbsp;v\u00e0 S\u1edf k\u1ebf h\u1ecdach \u0111\u1ea7u t\u01b0 th\u00e0nh ph\u1ed1 H\u00e0 n\u1ed9i, c\u00f4ng ty ch\u00fang t\u00f4i \u0111\u00e3 th\u00e0nh l\u1eadp Trung t\u00e2m \u0111\u00e0o t\u1ea1o k\u1ef9 n\u0103ng s\u1ed1ng HUG VIETNAM theo Gi\u1ea5y ch\u1ee9ng nh\u1eadn \u0111\u1ea7u t\u01b0 s\u1ed1:&nbsp;3236095551&nbsp;ng\u00e0y 10\/05\/2019. Trung t\u00e2m ch\u00ednh th\u1ee9c \u0111i v\u00e0o ho\u1ea1t \u0111\u1ed9ng t\u1eeb th\u00e1ng 6 n\u0103m 2019.<\/p>\n\n\n\n<p>Nhi\u1ec7m v\u1ee5 c\u1ee7a ch\u00fang t\u00f4i l\u00e0 \u0111\u1ed3ng h\u00e0nh c\u00f9ng c\u00e1c b\u1ea1n T\u00ecm \u2013 Th\u1ea5y \u2013 v\u00e0 Ph\u00e1t tri\u1ec3n ch\u00ednh m\u00ecnh&nbsp;m\u1ed9t c\u00e1ch ph\u00f9 h\u1ee3p v\u00e0&nbsp;hi\u1ec7u qu\u1ea3 nh\u1ea5t.<\/p>\n\n\n\n<p><a href=\"https:\/\/hugvietnam.com\/?p=67\"><\/a><\/p>\n\n\n\n<p><\/p>\n","protected":false},"excerpt":{"rendered":"<p>H.U.G l\u00e0 vi\u1ebft t\u1eaft c\u1ee7a Human Unlimited Growth, hay c\u00f2n \u0111\u01b0\u1ee3c g\u1ecdi l\u00e0 S\u1ef1 ph\u00e1t tri\u1ec3n kh\u00f4ng gi\u1edbi h\u1ea1n c\u1ee7a con ng\u01b0\u1eddi. \u1ede H.U.G, ch\u00fang&hellip;<\/p>\n","protected":false},"author":4,"featured_media":0,"parent":0,"menu_order":0,"comment_status":"closed","ping_status":"closed","template":"","meta":{"_gspb_post_css":"","jetpack_post_was_ever_published":false,"footnotes":""},"class_list":["post-410","page","type-page","status-publish","hentry"],"jetpack_sharing_enabled":true,"_links":{"self":[{"href":"https:\/\/hugvietnam.com\/index.php?rest_route=\/wp\/v2\/pages\/410","targetHints":{"allow":["GET"]}}],"collection":[{"href":"https:\/\/hugvietnam.com\/index.php?rest_route=\/wp\/v2\/pages"}],"about":[{"href":"https:\/\/hugvietnam.com\/index.php?rest_route=\/wp\/v2\/types\/page"}],"author":[{"embeddable":true,"href":"https:\/\/hugvietnam.com\/index.php?rest_route=\/wp\/v2\/users\/4"}],"replies":[{"embeddable":true,"href":"https:\/\/hugvietnam.com\/index.php?rest_route=%2Fwp%2Fv2%2Fcomments&post=410"}],"version-history":[{"count":0,"href":"https:\/\/hugvietnam.com\/index.php?rest_route=\/wp\/v2\/pages\/410\/revisions"}],"wp:attachment":[{"href":"https:\/\/hugvietnam.com\/index.php?rest_route=%2Fwp%2Fv2%2Fmedia&parent=410"}],"curies":[{"name":"wp","href":"https:\/\/api.w.org\/{rel}","templated":true}]}}