{"id":414,"date":"2024-11-16T20:14:45","date_gmt":"2024-11-16T13:14:45","guid":{"rendered":"https:\/\/hugvietnam.com\/?page_id=414"},"modified":"2024-11-18T00:46:01","modified_gmt":"2024-11-17T17:46:01","slug":"gia-tri-cot-loi-va-tam-nhin-cua-h-u-g","status":"publish","type":"page","link":"https:\/\/hugvietnam.com\/?page_id=414","title":{"rendered":"Gi\u00e1 tr\u1ecb c\u1ed1t l\u00f5i v\u00e0 t\u1ea7m nh\u00ecn c\u1ee7a H.U.G"},"content":{"rendered":"\n<figure class=\"wp-block-image size-large is-resized\"><img loading=\"lazy\" decoding=\"async\" width=\"1024\" height=\"682\" src=\"https:\/\/hugvietnam.com\/wp-content\/uploads\/2024\/11\/RED05555-1024x682.jpg\" alt=\"\" class=\"wp-image-209\" style=\"width:337px;height:auto\" srcset=\"https:\/\/hugvietnam.com\/wp-content\/uploads\/2024\/11\/RED05555-1024x682.jpg 1024w, https:\/\/hugvietnam.com\/wp-content\/uploads\/2024\/11\/RED05555-300x200.jpg 300w, https:\/\/hugvietnam.com\/wp-content\/uploads\/2024\/11\/RED05555-768x512.jpg 768w, https:\/\/hugvietnam.com\/wp-content\/uploads\/2024\/11\/RED05555-1536x1024.jpg 1536w, https:\/\/hugvietnam.com\/wp-content\/uploads\/2024\/11\/RED05555.jpg 2012w\" sizes=\"auto, (max-width: 1024px) 100vw, 1024px\" \/><\/figure>\n\n\n\n<p><\/p>\n\n\n\n<p><strong>CH\u00daNG T\u00d4I TIN R\u1eb0NG<\/strong><\/p>\n\n\n\n<ul class=\"wp-block-list\">\n<li><strong>M\u1ed7i c\u00e1 nh\u00e2n l\u00e0 duy nh\u1ea5t v\u00e0 \u0111\u1ed9c \u0111\u00e1o<\/strong><\/li>\n\n\n\n<li><strong>Kh\u1ea3 n\u0103ng c\u1ee7a con ng\u01b0\u1eddi l\u00e0 kh\u00f4ng gi\u1edbi h\u1ea1n<\/strong><\/li>\n<\/ul>\n\n\n\n<ol class=\"wp-block-list\">\n<li><\/li>\n<\/ol>\n\n\n\n<p><strong>1. Gi\u00e1 tr\u1ecb c\u1ed1t l\u00f5i c\u1ee7a HUG VIETNAM:<\/strong><\/p>\n\n\n\n<p>T\u1eacN T\u00c2M &#8211; CH\u1ea4T L\u01af\u1ee2NG &#8211; S\u00c1NG T\u1ea0O &#8211; H\u1ee2P T\u00c1C V\u00c0 C\u00d3 TR\u00c1CH NHI\u1ec6M V\u1edaI X\u00c3 H\u1ed8I <\/p>\n\n\n\n<p><\/p>\n\n\n\n<p><strong>2. T\u1ea7m nh\u00ecn:<\/strong><\/p>\n\n\n\n<p>Ch\u00fang t\u00f4i ph\u1ea5n \u0111\u1ea5u tr\u1edf th\u00e0nh c\u00f4ng ty t\u01b0 v\u1ea5n ph\u00e1t tri\u1ec3n c\u00e1 nh\u00e2n v\u00e0 doanh nghi\u1ec7p h\u00e0ng \u0111\u1ea7u, \u0111em l\u1ea1i nh\u1eefng gi\u00e1 tr\u1ecb v\u01b0\u1ee3t tr\u1ed9i v\u00e0 s\u1ef1 h\u00e0i l\u00f2ng tuy\u1ec7t \u0111\u1ed1i cho kh\u00e1ch h\u00e0ng. T\u1ea7m nh\u00ecn c\u1ee7a ch\u00fang t\u00f4i l\u00e0 th\u00fac \u0111\u1ea9y s\u1ef1 ph\u00e1t tri\u1ec3n to\u00e0n di\u1ec7n v\u00e0 b\u1ec1n v\u1eefng cho c\u1ea3 c\u00e1 nh\u00e2n v\u00e0 doanh nghi\u1ec7p, g\u00f3p ph\u1ea7n v\u00e0o s\u1ef1 th\u1ecbnh v\u01b0\u1ee3ng chung c\u1ee7a x\u00e3 h\u1ed9i.<\/p>\n\n\n\n<p>Ch\u00fang t\u00f4i tin r\u1eb1ng v\u1edbi s\u1ef1 t\u1eadn t\u00e2m, ch\u1ea5t l\u01b0\u1ee3ng, s\u00e1ng t\u1ea1o, h\u1ee3p t\u00e1c v\u00e0 tr\u00e1ch nhi\u1ec7m x\u00e3 h\u1ed9i, ch\u00fang t\u00f4i s\u1ebd ti\u1ebfp t\u1ee5c h\u00e0nh tr\u00ecnh ph\u00e1t tri\u1ec3n v\u00e0 lan t\u1ecfa nh\u1eefng gi\u00e1 tr\u1ecb t\u00edch c\u1ef1c t\u1edbi c\u1ed9ng \u0111\u1ed3ng v\u00e0 kh\u00e1ch h\u00e0ng. H\u00e3y c\u00f9ng ch\u00fang t\u00f4i kh\u00e1m ph\u00e1 ti\u1ec1m n\u0103ng v\u00e0 \u0111\u1ed9t ph\u00e1 gi\u1edbi h\u1ea1n \u0111\u1ec3 \u0111\u1ea1t \u0111\u01b0\u1ee3c th\u00e0nh c\u00f4ng v\u01b0\u1ee3t b\u1eadc.<\/p>\n\n\n\n<p><\/p>\n\n\n\n<p class=\"has-text-align-center\"><strong>C\u00d9NG B\u1ea0N V\u01af\u1ee2T QUA GI\u1edaI H\u1ea0N &#8211; KH\u00c1M PH\u00c1 TI\u1ec0M N\u0102NG<\/strong><\/p>\n\n\n\n<p><\/p>\n","protected":false},"excerpt":{"rendered":"<p>CH\u00daNG T\u00d4I TIN R\u1eb0NG 1. Gi\u00e1 tr\u1ecb c\u1ed1t l\u00f5i c\u1ee7a HUG VIETNAM: T\u1eacN T\u00c2M &#8211; CH\u1ea4T L\u01af\u1ee2NG &#8211; S\u00c1NG T\u1ea0O &#8211; H\u1ee2P T\u00c1C V\u00c0 C\u00d3&hellip;<\/p>\n","protected":false},"author":4,"featured_media":0,"parent":0,"menu_order":0,"comment_status":"closed","ping_status":"closed","template":"","meta":{"_gspb_post_css":"","jetpack_post_was_ever_published":false,"footnotes":""},"class_list":["post-414","page","type-page","status-publish","hentry"],"jetpack_sharing_enabled":true,"_links":{"self":[{"href":"https:\/\/hugvietnam.com\/index.php?rest_route=\/wp\/v2\/pages\/414","targetHints":{"allow":["GET"]}}],"collection":[{"href":"https:\/\/hugvietnam.com\/index.php?rest_route=\/wp\/v2\/pages"}],"about":[{"href":"https:\/\/hugvietnam.com\/index.php?rest_route=\/wp\/v2\/types\/page"}],"author":[{"embeddable":true,"href":"https:\/\/hugvietnam.com\/index.php?rest_route=\/wp\/v2\/users\/4"}],"replies":[{"embeddable":true,"href":"https:\/\/hugvietnam.com\/index.php?rest_route=%2Fwp%2Fv2%2Fcomments&post=414"}],"version-history":[{"count":0,"href":"https:\/\/hugvietnam.com\/index.php?rest_route=\/wp\/v2\/pages\/414\/revisions"}],"wp:attachment":[{"href":"https:\/\/hugvietnam.com\/index.php?rest_route=%2Fwp%2Fv2%2Fmedia&parent=414"}],"curies":[{"name":"wp","href":"https:\/\/api.w.org\/{rel}","templated":true}]}}