{"id":416,"date":"2024-11-16T20:16:33","date_gmt":"2024-11-16T13:16:33","guid":{"rendered":"https:\/\/hugvietnam.com\/?page_id=416"},"modified":"2024-11-18T14:51:08","modified_gmt":"2024-11-18T07:51:08","slug":"lien-he","status":"publish","type":"page","link":"https:\/\/hugvietnam.com\/?page_id=416","title":{"rendered":"Li\u00ean H\u1ec7"},"content":{"rendered":"\n<p><\/p>\n\n\n\n<p>C\u00f4ng ty TNHH \u0110\u00e0o t\u1ea1o ph\u00e1t tri\u1ec3n kh\u00f4ng gi\u1edbi h\u1ea1n con ng\u01b0\u1eddi Vietnam<\/p>\n\n\n\n<p>S\u1ed1 5 ph\u1ed1 Nguy\u1ec5n Th\u01b0\u1ee3ng Hi\u1ec1n, ph\u01b0\u1eddng Nguy\u1ec5n Du<\/p>\n\n\n\n<p>Qu\u1eadn Hai B\u00e0 Tr\u01b0ng \u2013 H\u00e0 N\u1ed9i<\/p>\n\n\n\n<ul class=\"wp-block-list\">\n<li>Hotline: 0379808812<\/li>\n\n\n\n<li>Website:&nbsp;<a href=\"https:\/\/hugvietnam.com\/\">www.hugvietnam.com<\/a><\/li>\n\n\n\n<li>Fanpage:&nbsp;<a href=\"https:\/\/www.facebook.com\/hug.vietnam\">https:\/\/www.facebook.com\/hug.vietnam<\/a><\/li>\n\n\n\n<li>Youtube:&nbsp;<a href=\"https:\/\/www.youtube.com\/@hugvietnam2019\">https:\/\/www.youtube.com\/@hugvietnam2019<\/a><\/li>\n\n\n\n<li>Email:&nbsp;<a href=\"mailto:hugvietnam@gmail.com\">hugvietnam@gmail.com<\/a><\/li>\n<\/ul>\n\n\n\n<p>\u0110\u1ec3 \u0111\u01b0\u1ee3c t\u01b0 v\u1ea5n v\u00e0 c\u00f3 th\u00f4ng tin chi ti\u1ebft v\u1ec1 c\u00e1c ch\u01b0\u01a1ng tr\u00ecnh g\u1ea7n nh\u1ea5t<\/p>\n\n\n<div class=\"wp-block-jetpack-contact-form\"><a href=\"https:\/\/hugvietnam.com\/?page_id=416\" target=\"_blank\" rel=\"noopener noreferrer\">G\u1eedi bi\u1ec3u m\u1eabu.<\/a><\/div>\n\n\n<p><\/p>\n","protected":false},"excerpt":{"rendered":"<p>C\u00f4ng ty TNHH \u0110\u00e0o t\u1ea1o ph\u00e1t tri\u1ec3n kh\u00f4ng gi\u1edbi h\u1ea1n con ng\u01b0\u1eddi Vietnam S\u1ed1 5 ph\u1ed1 Nguy\u1ec5n Th\u01b0\u1ee3ng Hi\u1ec1n, ph\u01b0\u1eddng Nguy\u1ec5n Du Qu\u1eadn Hai B\u00e0&hellip;<\/p>\n","protected":false},"author":4,"featured_media":0,"parent":0,"menu_order":0,"comment_status":"closed","ping_status":"closed","template":"","meta":{"_gspb_post_css":"","jetpack_post_was_ever_published":false,"footnotes":""},"class_list":["post-416","page","type-page","status-publish","hentry"],"jetpack_sharing_enabled":true,"_links":{"self":[{"href":"https:\/\/hugvietnam.com\/index.php?rest_route=\/wp\/v2\/pages\/416","targetHints":{"allow":["GET"]}}],"collection":[{"href":"https:\/\/hugvietnam.com\/index.php?rest_route=\/wp\/v2\/pages"}],"about":[{"href":"https:\/\/hugvietnam.com\/index.php?rest_route=\/wp\/v2\/types\/page"}],"author":[{"embeddable":true,"href":"https:\/\/hugvietnam.com\/index.php?rest_route=\/wp\/v2\/users\/4"}],"replies":[{"embeddable":true,"href":"https:\/\/hugvietnam.com\/index.php?rest_route=%2Fwp%2Fv2%2Fcomments&post=416"}],"version-history":[{"count":0,"href":"https:\/\/hugvietnam.com\/index.php?rest_route=\/wp\/v2\/pages\/416\/revisions"}],"wp:attachment":[{"href":"https:\/\/hugvietnam.com\/index.php?rest_route=%2Fwp%2Fv2%2Fmedia&parent=416"}],"curies":[{"name":"wp","href":"https:\/\/api.w.org\/{rel}","templated":true}]}}