{"id":468,"date":"2024-11-17T00:54:21","date_gmt":"2024-11-16T17:54:21","guid":{"rendered":"https:\/\/hugvietnam.com\/?page_id=468"},"modified":"2024-11-18T14:19:43","modified_gmt":"2024-11-18T07:19:43","slug":"lanh-dao-den-thanh-cong-bang-trai-tim","status":"publish","type":"page","link":"https:\/\/hugvietnam.com\/?page_id=468","title":{"rendered":"L\u00e3nh \u0111\u1ea1o \u0111\u1ebfn th\u00e0nh c\u00f4ng b\u1eb1ng tr\u00e1i tim"},"content":{"rendered":"\n<figure class=\"wp-block-image size-large is-resized\"><img loading=\"lazy\" decoding=\"async\" width=\"1024\" height=\"682\" src=\"https:\/\/hugvietnam.com\/wp-content\/uploads\/2024\/11\/RED05550-1024x682.jpg\" alt=\"\" class=\"wp-image-211\" style=\"width:345px;height:auto\"\/><\/figure>\n\n\n\n<p>B\u1ea1n \u0111\u00e3 t\u1eebng m\u01a1 \u01b0\u1edbc v\u1ec1 m\u1ed9t cu\u1ed9c s\u1ed1ng \u0111\u1ea7y \u00fd ngh\u0129a, v\u1edbi m\u1ed7i ng\u00e0y tr\u00e0n \u0111\u1ea7y ni\u1ec1m vui v\u00e0 c\u1ea3m h\u1ee9ng?&nbsp;<strong>L\u00e3nh \u0111\u1ea1o \u0111\u1ebfn th\u00e0nh c\u00f4ng b\u1eb1ng tr\u00e1i tim<\/strong>&nbsp;ch\u00ednh l\u00e0 c\u01a1 h\u1ed9i tuy\u1ec7t v\u1eddi \u0111\u1ec3 b\u1ea1n kh\u00e1m ph\u00e1 v\u00e0 s\u1ed1ng \u0111\u00fang v\u1edbi m\u1ee5c \u0111\u00edch s\u1ed1ng c\u1ee7a m\u00ecnh.<\/p>\n\n\n\n<p>&nbsp;<strong>Ch\u01b0\u01a1ng tr\u00ecnh t\u01b0 v\u1ea5n tr\u1ea3i nghi\u1ec7m L\u00e3nh \u0111\u1ea1o \u0111\u1ebfn th\u00e0nh c\u00f4ng b\u1eb1ng tr\u00e1i tim gi\u00fap \u0111\u01b0\u1ee3c g\u00ec cho b\u1ea1n?<\/strong><\/p>\n\n\n\n<ul class=\"wp-block-list\">\n<li><strong>Kh\u00e1m ph\u00e1 b\u1ea3n th\u00e2n s\u00e2u s\u1eafc<\/strong>: T\u1ea1i ch\u01b0\u01a1ng tr\u00ecnh, b\u1ea1n s\u1ebd \u0111\u01b0\u1ee3c h\u01b0\u1edbng d\u1eabn \u0111\u1ec3 nh\u1eadn di\u1ec7n nh\u1eefng gi\u00e1 tr\u1ecb c\u1ed1t l\u00f5i v\u00e0 \u0111am m\u00ea th\u1ef1c s\u1ef1 c\u1ee7a m\u00ecnh. B\u1ea1n s\u1ebd t\u00ecm ra \u0111i\u1ec1u g\u00ec th\u1ef1c s\u1ef1 quan tr\u1ecdng v\u00e0 \u00fd ngh\u0129a \u0111\u1ed1i v\u1edbi cu\u1ed9c s\u1ed1ng c\u1ee7a b\u1ea1n.<\/li>\n\n\n\n<li><strong>Chuy\u1ec3n \u0111\u1ed5i t\u01b0 duy<\/strong>: Thay \u0111\u1ed5i c\u00e1ch b\u1ea1n nh\u00ecn nh\u1eadn v\u1ec1 b\u1ea3n than, v\u1ec1 cu\u1ed9c s\u1ed1ng v\u00e0 kh\u1ea3 n\u0103ng c\u1ee7a m\u00ecnh, ph\u00e1 v\u1ee1 nh\u1eefng r\u00e0o c\u1ea3n t\u00e2m l\u00fd v\u00e0 x\u00e2y d\u1ef1ng t\u01b0 duy t\u00edch c\u1ef1c, m\u1ea1nh m\u1ebd.<\/li>\n\n\n\n<li><strong>Thi\u1ebft l\u1eadp m\u1ee5c ti\u00eau r\u00f5 r\u00e0ng<\/strong>: X\u00e1c \u0111\u1ecbnh r\u00f5 m\u1ee5c ti\u00eau cu\u1ed9c \u0111\u1eddi v\u00e0 l\u1eadp k\u1ebf ho\u1ea1ch chi ti\u1ebft \u0111\u1ec3 \u0111\u1ea1t \u0111\u01b0\u1ee3c ch\u00fang, bi\u1ebfn \u01b0\u1edbc m\u01a1 th\u00e0nh hi\u1ec7n th\u1ef1c.<\/li>\n\n\n\n<li><strong>H\u00e0nh \u0111\u1ed9ng quy\u1ebft li\u1ec7t<\/strong>: T\u0103ng c\u01b0\u1eddng \u0111\u1ed9ng l\u1ef1c v\u00e0 quy\u1ebft t\u00e2m \u0111\u1ec3 th\u1ef1c hi\u1ec7n nh\u1eefng \u01b0\u1edbc m\u01a1 l\u1edbn. B\u1ea1n s\u1ebd h\u1ecdc c\u00e1ch bi\u1ebfn nh\u1eefng \u00fd t\u01b0\u1edfng th\u00e0nh h\u00e0nh \u0111\u1ed9ng c\u1ee5 th\u1ec3 v\u00e0 hi\u1ec7u qu\u1ea3.<\/li>\n\n\n\n<li><strong>Bi\u1ebft c\u00e1ch c\u00e2n b\u1eb1ng v\u00e0 h\u00e0i h\u00f2a c\u00e1c m\u1ed1i quan h\u1ec7. k\u1ebft n\u1ed1i v\u00e0 chia s\u1ebb<\/strong>: G\u1eb7p g\u1ee1 v\u00e0 h\u1ecdc h\u1ecfi t\u1eeb nh\u1eefng ng\u01b0\u1eddi c\u00f9ng tham gia, gi\u00fap b\u1ea1n thay \u0111\u1ed5i c\u00e1ch k\u1ebft n\u1ed1i c\u1ee7a m\u00ecnh v\u1edbi gia \u0111\u00ecnh v\u00e0 x\u00e3 h\u1ed9i.<\/li>\n\n\n\n<li><strong>L\u00e3nh \u0111\u1ea1o b\u1eb1ng tr\u00e1i tim<\/strong>: Hay c\u00f2n g\u1ecdi l\u00e0 L\u00e3nh \u0111\u1ea1o b\u1eb1ng t\u00ecnh y\u00eau th\u01b0\u01a1ng kh\u00f4ng ch\u1ec9 \u0111\u01a1n gi\u1ea3n l\u00e0 m\u1ed9t phong c\u00e1ch qu\u1ea3n l\u00fd, m\u00e0 l\u00e0 m\u1ed9t tri\u1ebft l\u00fd s\u1ed1ng v\u00e0 l\u00e0m vi\u1ec7c xu\u1ea5t ph\u00e1t t\u1eeb l\u00f2ng nh\u00e2n \u00e1i v\u00e0 s\u1ef1 hi\u1ec3u bi\u1ebft s\u00e2u s\u1eafc v\u1ec1 con ng\u01b0\u1eddi. V\u00e0 \u1edf \u0111\u00e2y b\u1ea1n s\u1ebd c\u00f3 nh\u1eefng tr\u1ea3i nghi\u1ec7m s\u00e2u s\u1eafc trong vi\u1ec7c l\u00e3nh \u0111\u1ea1o ch\u00ednh m\u00ecnh tr\u01b0\u1edbc khi d\u1eabn d\u1eaft ng\u01b0\u1eddi kh\u00e1c.<\/li>\n<\/ul>\n\n\n\n<p><strong>Chuy\u00ean gia Kamonluck<\/strong>&nbsp;s\u1ebd d\u1eabn d\u1eaft b\u1ea1n qua t\u1eebng b\u01b0\u1edbc, b\u1eb1ng ph\u01b0\u01a1ng ph\u00e1p \u0111\u1ed9c \u0111\u00e1o \u0111\u00e3 \u0111\u01b0\u1ee3c ki\u1ec3m ch\u1ee9ng v\u1edbi h\u01a1n 30 n\u0103m kinh nghi\u1ec7m trong l\u0129nh v\u1ef1c n\u00e0y. T\u1ea5t c\u1ea3 nh\u1eefng k\u1ebft qu\u1ea3 tr\u00ean kh\u00f4ng \u0111\u1ebfn t\u1eeb l\u00fd thuy\u1ebft gi\u00e1o \u0111i\u1ec1u m\u00e0 \u0111\u1ebfn t\u1eeb ch\u00ednh s\u1ef1 nh\u1eadn bi\u1ebft b\u00ean trong b\u1ea1n sau khi tham gia c\u00e1c tr\u1ea3i nghi\u1ec7m c\u1ee7a ch\u01b0\u01a1ng tr\u00ecnh. \u0110\u00e2y kh\u00f4ng ch\u1ec9 l\u00e0 m\u1ed9t s\u1ef1 ki\u1ec7n, m\u00e0 l\u00e0 m\u1ed9t h\u00e0nh tr\u00ecnh tuy\u1ec7t v\u1eddi gi\u00fap b\u1ea1n t\u1ef1 kh\u00e1m ph\u00e1 v\u00e0 thay \u0111\u1ed5i cu\u1ed9c \u0111\u1eddi.<\/p>\n\n\n\n<p><strong>Tham gia L\u00e3nh \u0111\u1ea1o \u0111\u1ebfn th\u00e0nh c\u00f4ng b\u1eb1ng tr\u00e1i tim ngay h\u00f4m nay v\u00e0 b\u1eaft \u0111\u1ea7u h\u00e0nh tr\u00ecnh t\u1ea1o ra cu\u1ed9c s\u1ed1ng m\u00e0 b\u1ea1n lu\u00f4n m\u01a1 \u01b0\u1edbc!<\/strong><\/p>\n\n\n\n<p><strong><a href=\"https:\/\/hugvietnam.com\/?p=67\">Xem ti\u1ebfp  <\/a><\/strong><\/p>\n\n\n\n<p><\/p>\n","protected":false},"excerpt":{"rendered":"<p>B\u1ea1n \u0111\u00e3 t\u1eebng m\u01a1 \u01b0\u1edbc v\u1ec1 m\u1ed9t cu\u1ed9c s\u1ed1ng \u0111\u1ea7y \u00fd ngh\u0129a, v\u1edbi m\u1ed7i ng\u00e0y tr\u00e0n \u0111\u1ea7y ni\u1ec1m vui v\u00e0 c\u1ea3m h\u1ee9ng?&nbsp;L\u00e3nh \u0111\u1ea1o \u0111\u1ebfn th\u00e0nh&hellip;<\/p>\n","protected":false},"author":3,"featured_media":216,"parent":0,"menu_order":0,"comment_status":"closed","ping_status":"closed","template":"","meta":{"_gspb_post_css":"","jetpack_post_was_ever_published":false,"footnotes":""},"class_list":["post-468","page","type-page","status-publish","has-post-thumbnail","hentry"],"jetpack_sharing_enabled":true,"_links":{"self":[{"href":"https:\/\/hugvietnam.com\/index.php?rest_route=\/wp\/v2\/pages\/468","targetHints":{"allow":["GET"]}}],"collection":[{"href":"https:\/\/hugvietnam.com\/index.php?rest_route=\/wp\/v2\/pages"}],"about":[{"href":"https:\/\/hugvietnam.com\/index.php?rest_route=\/wp\/v2\/types\/page"}],"author":[{"embeddable":true,"href":"https:\/\/hugvietnam.com\/index.php?rest_route=\/wp\/v2\/users\/3"}],"replies":[{"embeddable":true,"href":"https:\/\/hugvietnam.com\/index.php?rest_route=%2Fwp%2Fv2%2Fcomments&post=468"}],"version-history":[{"count":0,"href":"https:\/\/hugvietnam.com\/index.php?rest_route=\/wp\/v2\/pages\/468\/revisions"}],"wp:featuredmedia":[{"embeddable":true,"href":"https:\/\/hugvietnam.com\/index.php?rest_route=\/wp\/v2\/media\/216"}],"wp:attachment":[{"href":"https:\/\/hugvietnam.com\/index.php?rest_route=%2Fwp%2Fv2%2Fmedia&parent=468"}],"curies":[{"name":"wp","href":"https:\/\/api.w.org\/{rel}","templated":true}]}}