{"id":476,"date":"2024-11-17T01:12:10","date_gmt":"2024-11-16T18:12:10","guid":{"rendered":"https:\/\/hugvietnam.com\/?page_id=476"},"modified":"2024-11-18T00:52:28","modified_gmt":"2024-11-17T17:52:28","slug":"hoi-dap","status":"publish","type":"page","link":"https:\/\/hugvietnam.com\/?page_id=476","title":{"rendered":"H\u1ecfi \u0111\u00e1p"},"content":{"rendered":"\n<figure class=\"wp-block-image size-full\"><img loading=\"lazy\" decoding=\"async\" width=\"165\" height=\"144\" src=\"https:\/\/hugvietnam.com\/wp-content\/uploads\/2024\/11\/qa-e1731518761409.png\" alt=\"\" class=\"wp-image-315\"\/><\/figure>\n\n\n\n<p><strong>C\u00c2U H\u1eceI:<\/strong>&nbsp;<strong>T\u00f4i nghe n\u00f3i ch\u01b0\u01a1ng tr\u00ecnh \u201cL\u00e3nh \u0111\u1ea1o \u0111\u1ebfn th\u00e0nh c\u00f4ng b\u1eb1ng tr\u00e1i tim\u201d c\u1ee7a HUG VIETNAM \u0111\u00e3 gi\u00fap nhi\u1ec1u ng\u01b0\u1eddi thay \u0111\u1ed5i cu\u1ed9c s\u1ed1ng. Xin cho t\u00f4i bi\u1ebft th\u00eam v\u1ec1 n\u1ed9i dung v\u00e0 m\u1ee5c ti\u00eau c\u1ee7a ch\u01b0\u01a1ng tr\u00ecnh n\u00e0y?<\/strong><\/p>\n\n\n\n<p><strong>TR\u1ea2 L\u1edcI:&nbsp;<\/strong>Ch\u01b0\u01a1ng tr\u00ecnh \u201cL\u00e3nh \u0111\u1ea1o \u0111\u1ebfn th\u00e0nh c\u00f4ng b\u1eb1ng tr\u00e1i tim\u201d l\u00e0 m\u1ed9t h\u00e0nh tr\u00ecnh b\u1ed1n ng\u00e0y \u0111\u01b0\u1ee3c thi\u1ebft k\u1ebf \u0111\u1ec3 gi\u00fap ng\u01b0\u1eddi tham gia kh\u00e1m ph\u00e1 b\u1ea3n th\u00e2n theo nh\u1eefng c\u00e1ch b\u1ea1n ch\u01b0a t\u1eebng ngh\u0129 t\u1edbi, x\u00e1c \u0111\u1ecbnh m\u1ee5c ti\u00eau cu\u1ed9c \u0111\u1eddi v\u00e0 bi\u1ebfn \u01b0\u1edbc m\u01a1 th\u00e0nh hi\u1ec7n th\u1ef1c. Ch\u00fang t\u00f4i t\u1eadp trung v\u00e0o vi\u1ec7c gi\u00fap ng\u01b0\u1eddi tham gia hi\u1ec3u r\u00f5 h\u01a1n v\u1ec1 gi\u00e1 tr\u1ecb c\u1ed1t l\u00f5i c\u1ee7a m\u00ecnh, ph\u00e1 v\u1ee1 nh\u1eefng r\u00e0o c\u1ea3n t\u00e2m l\u00fd v\u00e0 x\u00e2y d\u1ef1ng t\u01b0 duy t\u00edch c\u1ef1c, t\u1eeb \u0111\u00f3 t\u1ea1o ra s\u1ef1 chuy\u1ec3n \u0111\u1ed5i m\u1ea1nh m\u1ebd trong cu\u1ed9c s\u1ed1ng c\u00e1 nh\u00e2n v\u00e0 s\u1ef1 nghi\u1ec7p.<\/p>\n\n\n\n<p>Ch\u01b0\u01a1ng tr\u00ecnh \u0111\u01b0\u1ee3c d\u1eabn d\u1eaft b\u1edfi chuy\u00ean gia t\u01b0 v\u1ea5n: B\u00e0 Kamonluck Hongyok ng\u01b0\u1eddi \u0111\u00e3 c\u00f3 h\u01a1n 30 n\u0103m kinh nghi\u1ec7m l\u00e0m vi\u1ec7c trong l\u0129nh v\u1ef1c ph\u00e1t tri\u1ec3n b\u1ea3n th\u00e2n t\u1ea1i nhi\u1ec1u qu\u1ed1c gia tr\u00ean th\u1ebf gi\u1edbi. B\u00e0 c\u0169ng l\u00e0 Ch\u1ee7 t\u1ecbch H\u0110TV c\u1ee7a C\u00f4ng ty TNHH \u0110\u00e0o t\u1ea1o ph\u00e1t tri\u1ec3n kh\u00f4ng gi\u1edbi h\u1ea1n con ng\u01b0\u1eddi Vietnam \u2013 HUG VIETNAM.<\/p>\n\n\n\n<p><strong>C\u00c2U H\u1eceI:<\/strong>&nbsp;T\u00f4i th\u1ea5y chuy\u00ean gia Kamonluck Hongyok c\u0169ng t\u01b0 v\u1ea5n cho m\u1ed9t s\u1ed1 ch\u01b0\u01a1ng tr\u00ecnh kh\u00e1c t\u1ea1i Vietnam. Xin cho t\u00f4i bi\u1ebft ch\u01b0\u01a1ng tr\u00ecnh L\u00e3nh \u0111\u1ea1o \u0111\u1ebfn th\u00e0nh c\u00f4ng b\u1eb1ng tr\u00e1i tim v\u00e0 c\u00e1c ch\u01b0\u01a1ng tr\u00ecnh \u0111\u00f3 c\u00f3 g\u00ec kh\u00e1c nhau?<\/p>\n\n\n\n<p><strong>TR\u1ea2 L\u1edcI:<\/strong>&nbsp;Nh\u01b0 b\u1ea1n \u0111\u00e3 bi\u1ebft, HUG VIETNAM l\u00e0 m\u1ed9t doanh nghi\u1ec7p, ch\u00fang t\u00f4i c\u00f3 h\u1ee3p t\u00e1c v\u1edbi nhi\u1ec1u t\u1ed5 ch\u1ee9c v\u00e0 c\u00e1 nh\u00e2n \u1edf nhi\u1ec1u ch\u01b0\u01a1ng tr\u00ecnh kh\u00e1c nhau. \u1ede c\u00e1c ch\u01b0\u01a1ng tr\u00ecnh \u0111\u00f3 ch\u00fang t\u00f4i thi\u1ebft k\u1ebf theo y\u00eau c\u1ea7u m\u00e0 h\u1ecd mong mu\u1ed1n. C\u00f3 nh\u1eefng \u0111\u01a1n v\u1ecb t\u1eadp trung v\u00e0o vi\u1ec7c ch\u1eefa l\u00e0nh, c\u00f3 n\u01a1i t\u1eadp trung v\u00e0o vi\u1ec7c t\u1ea1o \u0111\u1ed9ng l\u1ef1c ho\u1eb7c c\u00f3 n\u01a1i t\u1eadp trung v\u00e0o vi\u1ec7c g\u1eafn k\u1ebft m\u1ed1i quan h\u1ec7.v.v\u2026<\/p>\n\n\n\n<p>Ri\u00eang v\u1edbi ch\u01b0\u01a1ng tr\u00ecnh L\u00c3NH \u0110\u1ea0O \u0110\u1ebeN TH\u00c0NH C\u00d4NG B\u1eb0NG TR\u00c1I TIM c\u1ee7a HUG VIETNAM th\u00ec c\u00e1c b\u1ea1n (Ng\u01b0\u1eddi tham gia) l\u00e0 TRUNG T\u00c2M. C\u0103n c\u1ee9 v\u00e0o th\u1ef1c t\u1ebf tr\u1ea3i nghi\u1ec7m, trong qu\u00e1 tr\u00ecnh t\u1ef1 l\u00e0m vi\u1ec7c s\u00e2u s\u1eafc c\u1ee7a c\u00e1c b\u1ea1n chuy\u00ean gia Kamonluck s\u1ebd quan s\u00e1t, d\u1eabn d\u1eaft \u0111\u1ec3 m\u1ed7i ng\u01b0\u1eddi c\u00f3 th\u1ec3 nh\u1eadn bi\u1ebft v\u00e0 ph\u00e1t huy \u0111\u01b0\u1ee3c t\u00f4i \u0111a \u0111i\u1ec3m m\u1ea1nh ri\u00eang c\u1ee7a t\u1eebng c\u00e1 th\u1ec3 \u0111\u1ec3 \u0111\u1ebfn \u0111\u01b0\u1ee3c m\u1ee5c ti\u00eau m\u00e0 m\u1ed7i c\u00e1 nh\u00e2n \u0111\u00f3 mu\u1ed1n. \u0110\u00f3 ch\u00ednh l\u00e0 s\u1ef1 kh\u00e1c bi\u1ec7t c\u1ee7a ch\u01b0\u01a1ng tr\u00ecnh.<\/p>\n\n\n\n<p><strong>C\u00c2U H\u1eceI: C\u00f3 ph\u1ea3i ng\u01b0\u1eddi c\u00f3 v\u1ea5n \u0111\u1ec1 m\u1edbi c\u1ea7n \u0111\u1ebfn v\u1edbi ch\u01b0\u01a1ng tr\u00ecnh c\u1ee7a HUG VIETNAM<\/strong>?<\/p>\n\n\n\n<p><strong>TR\u1ea2 L\u1edcI:<\/strong>&nbsp;Kh\u00f4ng h\u1eb3n v\u1eady. C\u00e1c ch\u01b0\u01a1ng tr\u00ecnh c\u1ee7a HUG VIETNAM \u0111\u01b0\u1ee3c thi\u1ebft k\u1ebf \u0111\u1ec3 gi\u00fap m\u1ecdi ng\u01b0\u1eddi ph\u00e1t tri\u1ec3n c\u00e1 nh\u00e2n v\u00e0 chuy\u00ean nghi\u1ec7p, b\u1ea5t k\u1ec3 h\u1ecd \u0111ang g\u1eb7p kh\u00f3 kh\u0103n g\u00ec. Nhi\u1ec1u ng\u01b0\u1eddi tham gia nh\u1eefng ch\u01b0\u01a1ng tr\u00ecnh n\u00e0y kh\u00f4ng ph\u1ea3i v\u00ec h\u1ecd c\u00f3 v\u1ea5n \u0111\u1ec1, m\u00e0 v\u00ec h\u1ecd mu\u1ed1n c\u1ea3i thi\u1ec7n b\u1ea3n th\u00e2n, \u0111\u1ea1t \u0111\u01b0\u1ee3c m\u1ee5c ti\u00eau l\u1edbn h\u01a1n, v\u00e0 s\u1ed1ng m\u1ed9t cu\u1ed9c s\u1ed1ng \u00fd ngh\u0129a h\u01a1n.<\/p>\n\n\n\n<p>C\u00f4 Kamonluck Hongyok n\u1ed5i ti\u1ebfng v\u1edbi vi\u1ec7c gi\u00fap m\u1ecdi ng\u01b0\u1eddi nh\u1eadn ra ti\u1ec1m n\u0103ng c\u1ee7a m\u00ecnh, ph\u00e1t tri\u1ec3n kh\u1ea3 n\u0103ng l\u00e3nh \u0111\u1ea1o, v\u00e0 t\u00ecm ra h\u01b0\u1edbng \u0111i trong cu\u1ed9c s\u1ed1ng. \u0110i\u1ec1u n\u00e0y c\u00f3 th\u1ec3 h\u1eefu \u00edch cho b\u1ea5t k\u1ef3 ai, d\u00f9 h\u1ecd \u0111ang \u1edf giai \u0111o\u1ea1n n\u00e0o c\u1ee7a cu\u1ed9c s\u1ed1ng.<\/p>\n\n\n\n<p><strong>C\u00c2U H\u1eceI: C\u00f3 th\u1ec3 cho t\u00f4i bi\u1ebft th\u00eam v\u1ec1 l\u00fd do t\u00ecm \u0111\u1ebfn HUG c\u1ee7a nh\u1eefng ng\u01b0\u1eddi \u0111\u00e3 t\u1eebng tham gia ch\u01b0\u01a1ng tr\u00ecnh<\/strong>?<\/p>\n\n\n\n<p>C\u00f3 nhi\u1ec1u l\u00fd do kh\u00e1c nhau m\u00e0 m\u1ecdi ng\u01b0\u1eddi t\u00ecm \u0111\u1ebfn ch\u01b0\u01a1ng tr\u00ecnh c\u1ee7a ch\u00fang t\u00f4i, ngo\u00e0i vi\u1ec7c gi\u1ea3i quy\u1ebft v\u1ea5n \u0111\u1ec1 c\u00e1 nh\u00e2n. M\u1ed9t s\u1ed1 l\u00fd do ph\u1ed5 bi\u1ebfn bao g\u1ed3m:<\/p>\n\n\n\n<ol start=\"1\" class=\"wp-block-list\">\n<li>Ph\u00e1t tri\u1ec3n c\u00e1 nh\u00e2n: Nhi\u1ec1u ng\u01b0\u1eddi mu\u1ed1n n\u00e2ng cao k\u1ef9 n\u0103ng m\u1ec1m, qu\u1ea3n l\u00fd th\u1eddi gian t\u1ed1t h\u01a1n, c\u1ea3i thi\u1ec7n s\u1ef1 t\u1ef1 tin v\u00e0 x\u00e2y d\u1ef1ng c\u00e1c th\u00f3i quen t\u00edch c\u1ef1c.<\/li>\n\n\n\n<li>Ph\u00e1t tri\u1ec3n ngh\u1ec1 nghi\u1ec7p: Ch\u01b0\u01a1ng tr\u00ecnh c\u1ee7a ch\u00fang t\u00f4i cung c\u1ea5p nhi\u1ec1u ki\u1ebfn th\u1ee9c v\u1ec1 l\u00e3nh \u0111\u1ea1o, qu\u1ea3n l\u00fd v\u00e0 ph\u00e1t tri\u1ec3n kinh doanh, gi\u00fap m\u1ecdi ng\u01b0\u1eddi th\u0103ng ti\u1ebfn trong s\u1ef1 nghi\u1ec7p.<\/li>\n\n\n\n<li>T\u00ecm ki\u1ebfm c\u1ea3m h\u1ee9ng: Tham gia c\u00e1c bu\u1ed5i h\u1ed9i th\u1ea3o v\u00e0 ch\u01b0\u01a1ng tr\u00ecnh c\u00f3 th\u1ec3 cung c\u1ea5p \u0111\u1ed9ng l\u1ef1c v\u00e0 c\u1ea3m h\u1ee9ng \u0111\u1ec3 \u0111\u1ea1t \u0111\u01b0\u1ee3c m\u1ee5c ti\u00eau l\u1edbn h\u01a1n trong cu\u1ed9c s\u1ed1ng.<\/li>\n\n\n\n<li>X\u00e2y d\u1ef1ng m\u1ea1ng l\u01b0\u1edbi quan h\u1ec7: \u0110\u00e2y l\u00e0 c\u01a1 h\u1ed9i t\u1ed1t \u0111\u1ec3 g\u1eb7p g\u1ee1 v\u00e0 k\u1ebft n\u1ed1i v\u1edbi nh\u1eefng ng\u01b0\u1eddi c\u00f3 chung ch\u00ed h\u01b0\u1edbng, m\u1edf r\u1ed9ng m\u1ea1ng l\u01b0\u1edbi quan h\u1ec7 v\u00e0 h\u1ecdc h\u1ecfi t\u1eeb nh\u1eefng ng\u01b0\u1eddi c\u00f3 kinh nghi\u1ec7m.<\/li>\n\n\n\n<li>T\u1ea1o ra s\u1ef1 thay \u0111\u1ed5i t\u00edch c\u1ef1c: Nhi\u1ec1u ng\u01b0\u1eddi t\u00ecm \u0111\u1ebfn ch\u01b0\u01a1ng tr\u00ecnh \u0111\u1ec3 thay \u0111\u1ed5i c\u00e1ch suy ngh\u0129, ph\u00e1 v\u1ee1 c\u00e1c gi\u1edbi h\u1ea1n c\u1ee7a b\u1ea3n th\u00e2n v\u00e0 \u0111\u1ea1t \u0111\u01b0\u1ee3c nh\u1eefng th\u00e0nh c\u00f4ng m\u1edbi.<\/li>\n\n\n\n<li>Ph\u00e1t tri\u1ec3n to\u00e0n di\u1ec7n: Ch\u01b0\u01a1ng tr\u00ecnh th\u01b0\u1eddng h\u01b0\u1edbng \u0111\u1ebfn vi\u1ec7c ph\u00e1t tri\u1ec3n to\u00e0n di\u1ec7n, kh\u00f4ng ch\u1ec9 v\u1ec1 m\u1eb7t t\u00e2m l\u00fd m\u00e0 c\u00f2n v\u1ec1 m\u1eb7t th\u1ec3 ch\u1ea5t v\u00e0 tinh th\u1ea7n.<\/li>\n\n\n\n<li>C\u1ea3i thi\u1ec7n c\u00e1c m\u1ed1i quan h\u1ec7: Nhi\u1ec1u ng\u01b0\u1eddi \u0111\u1ebfn v\u1edbi ch\u01b0\u01a1ng tr\u00ecnh khi h\u1ecd \u0111ang g\u1eb7p kh\u00f3 kh\u0103n trong c\u00e1c m\u1ed1i quan h\u1ec7, c\u00f3 th\u1ec3 v\u1edbi gia \u0111\u00ecnh, \u0111\u1ed3ng nghi\u1ec7p ho\u1eb7c b\u1ea1n b\u00e8.v.v.. v\u00e0 t\u1ea1i ch\u01b0\u01a1ng tr\u00ecnh h\u1ecd \u0111\u00e3 t\u1ef1 nh\u1eadn ra c\u00e2u tr\u1ea3 l\u1eddi \u0111\u1ec3 c\u00f3 gi\u1ea3i ph\u00e1p ph\u00f9 h\u1ee3p cho ch\u00ednh h\u1ecd.<\/li>\n<\/ol>\n\n\n\n<p><strong>C\u00c2U H\u1eceI:<\/strong>&nbsp;<strong>T\u00f4i mu\u1ed1n bi\u1ebft th\u00eam v\u1ec1 nh\u1eefng ho\u1ea1t \u0111\u1ed9ng c\u1ee5 th\u1ec3 trong ch\u01b0\u01a1ng tr\u00ecnh?<\/strong><\/p>\n\n\n\n<p><strong>TR\u1ea2 L\u1edcI:<\/strong>&nbsp;Ch\u01b0\u01a1ng tr\u00ecnh bao g\u1ed3m nhi\u1ec1u ho\u1ea1t \u0111\u1ed9ng kh\u00e1c nhau nh\u01b0 thi\u1ec1n \u0111\u1ecbnh, th\u1ea3o lu\u1eadn nh\u00f3m, c\u00e1c b\u00e0i tr\u1ea3i nghi\u1ec7m, v\u00e0 c\u00e1c ho\u1ea1t \u0111\u1ed9ng th\u1ec3 ch\u1ea5t \u0111\u1ec3 duy tr\u00ec n\u0103ng l\u01b0\u1ee3ng cao. M\u1ed7i ng\u00e0y t\u1eadp trung v\u00e0o m\u1ed9t kh\u00eda c\u1ea1nh kh\u00e1c nhau c\u1ee7a cu\u1ed9c s\u1ed1ng nh\u01b0: T\u00ecnh y\u00eau th\u01b0\u01a1ng, m\u1ee5c ti\u00eau, m\u1ed1i quan h\u1ec7, s\u1ee9c kh\u1ecfe v\u00e0 ph\u00e1t tri\u1ec3n c\u00e1 nh\u00e2n.v.v\u2026<\/p>\n\n\n\n<p><strong>C\u00c2U H\u1eceI: Xin chia s\u1ebb th\u00eam cho t\u00f4i v\u1ec1 nh\u1eefng b\u00e0i h\u1ecdc quan tr\u1ecdng m\u00e0 ng\u01b0\u1eddi tham gia c\u00f3 th\u1ec3 h\u1ecdc \u0111\u01b0\u1ee3c t\u1eeb ch\u01b0\u01a1ng tr\u00ecnh n\u00e0y?<\/strong><\/p>\n\n\n\n<p><strong>TR\u1ea2 L\u1edcI:<\/strong>&nbsp;\u0110\u00e2y kh\u00f4ng ph\u1ea3i l\u00e0 l\u00e0 m\u1ed9t ch\u01b0\u01a1ng tr\u00ecnh \u0111\u00e0o t\u1ea1o, n\u00f3 l\u00e0 m\u1ed9t ch\u01b0\u01a1ng tr\u00ecnh tr\u1ea3i nghi\u1ec7m \u0111\u01b0\u1ee3c d\u1eabn d\u1eaft b\u1edfi chuy\u00ean gia t\u01b0 v\u1ea5n. Nh\u01b0ng b\u1ea1n s\u1ebd t\u1ef1 m\u00ecnh r\u00fat ra \u0111\u01b0\u1ee3c nhi\u1ec1u b\u00e0i h\u1ecdc cho ch\u00ednh b\u1ea3n th\u00e2n m\u00ecnh. M\u1ed9t trong nh\u1eefng b\u00e0i h\u1ecdc quan tr\u1ecdng nh\u1ea5t l\u00e0 m\u1ecdi \u0111i\u1ec1u trong cu\u1ed9c s\u1ed1ng l\u00e0 x\u1ea3y ra cho b\u1ea1n, kh\u00f4ng ph\u1ea3i x\u1ea3y ra v\u1edbi b\u1ea1n. \u0110i\u1ec1u n\u00e0y c\u00f3 ngh\u0129a l\u00e0 m\u1ecdi s\u1ef1 vi\u1ec7c x\u1ea3y ra cho b\u1ea1n \u0111\u1ec1u l\u00e0 m\u00f3n qu\u00e0, b\u1ea1n c\u00f3 th\u1ec3 ki\u1ec3m so\u00e1t v\u00e0 bi\u1ebfn cu\u1ed9c s\u1ed1ng c\u1ee7a m\u00ecnh th\u00e0nh m\u1ed9t h\u00e0nh tr\u00ecnh tuy\u1ec7t v\u1eddi n\u1ebfu b\u1ea1n bi\u1ebft c\u00e1ch t\u1eadn d\u1ee5ng t\u1ed1i \u0111a kh\u1ea3 n\u0103ng c\u1ee7a m\u00ecnh v\u00e0 kh\u00f4ng ng\u1ea1i thay \u0111\u1ed5i.<\/p>\n\n\n\n<p><strong>C\u00c2U H\u1eceI:<\/strong>&nbsp;<strong>T\u00f4i \u0111ang r\u1ea5t b\u0103n kho\u0103n trong vi\u1ec7c c\u00e2n nh\u1eafc tham gia ch\u01b0\u01a1ng tr\u00ecnh n\u00e0y, xin cho t\u00f4i m\u1ed9t l\u1eddi khuy\u00ean?<\/strong><\/p>\n\n\n\n<p><strong>TR\u1ea2 L\u1edcI:<\/strong>&nbsp;M\u1ed9t trong nh\u1eefng b\u00e0i h\u1ecdc quan tr\u1ecdng nh\u1ea5t l\u00e0 m\u1ecdi ng\u01b0\u1eddi \u0111\u1ec1u c\u00f3 kh\u1ea3 n\u0103ng thay \u0111\u1ed5i cu\u1ed9c s\u1ed1ng c\u1ee7a m\u00ecnh n\u1ebfu h\u1ecd bi\u1ebft c\u00e1ch t\u1eadn d\u1ee5ng s\u1ee9c m\u1ea1nh ti\u1ec1m \u1ea9n b\u00ean trong m\u00ecnh. Ch\u01b0\u01a1ng tr\u00ecnh gi\u00fap h\u1ecd hi\u1ec3u r\u1eb1ng h\u1ecd c\u00f3 th\u1ec3 ki\u1ec3m so\u00e1t t\u01b0\u01a1ng lai c\u1ee7a m\u00ecnh b\u1eb1ng c\u00e1ch thay \u0111\u1ed5i t\u01b0 duy v\u00e0 h\u00e0nh \u0111\u1ed9ng m\u1ed9t c\u00e1ch quy\u1ebft li\u1ec7t.<\/p>\n\n\n\n<p>Ch\u00fang t\u00f4i mu\u1ed1n nh\u1eafc nh\u1edf m\u1ecdi ng\u01b0\u1eddi r\u1eb1ng vi\u1ec7c thay \u0111\u1ed5i cu\u1ed9c s\u1ed1ng kh\u00f4ng ph\u1ea3i l\u00e0 d\u1ec5 d\u00e0ng, nh\u01b0ng n\u1ebfu b\u1ea1n c\u00f3 quy\u1ebft t\u00e2m v\u00e0 s\u1ef1 \u0111\u1ed3ng h\u00e0nh t\u1eeb nh\u1eefng ng\u01b0\u1eddi xung quanh, b\u1ea1n ho\u00e0n to\u00e0n c\u00f3 th\u1ec3 \u0111\u1ea1t \u0111\u01b0\u1ee3c nh\u1eefng k\u1ebft qu\u1ea3 tuy\u1ec7t v\u1eddi. H\u00e3y \u0111\u1eb7t ra m\u1ee5c ti\u00eau r\u00f5 r\u00e0ng v\u00e0 b\u1eaft \u0111\u1ea7u h\u00e0nh tr\u00ecnh c\u1ee7a m\u00ecnh ngay h\u00f4m nay. B\u1ea1n h\u00e3y tin r\u1eb1ng, tham gia ch\u01b0\u01a1ng tr\u00ecnh l\u00e0 n\u01a1i ph\u00e9p m\u00e0u b\u1eaft \u0111\u1ea7u. H\u00e0nh tr\u00ecnh tr\u1edf th\u00e0nh ng\u01b0\u1eddi l\u00e3nh \u0111\u1ea1o m\u1ea1nh m\u1ebd c\u1ee7a b\u1ea1n b\u1eaft \u0111\u1ea7u t\u1eeb b\u00e2y gi\u1edd. Ch\u1ea5p nh\u1eadn s\u1ef1 chuy\u1ec3n m\u00ecnh v\u00e0 \u0111\u1ec3 tr\u00e1i tim d\u1eabn d\u1eaft b\u1ea1n \u0111\u1ebfn th\u00e0nh c\u00f4ng.<\/p>\n\n\n\n<p>C\u1ea3m \u01a1n b\u1ea1n \u0111\u00e3 quan t\u00e2m \u0111\u1ebfn ch\u01b0\u01a1ng tr\u00ecnh v\u00e0 h\u00e3y nh\u1edb r\u1eb1ng; S\u1ee9c m\u1ea1nh \u0111\u1ec3 thay \u0111\u1ed5i cu\u1ed9c s\u1ed1ng \u0111\u00e3 lu\u00f4n \u1edf ngay b\u00ean trong b\u1ea1n. B\u1ea1n ch\u1ec9 c\u1ea7n gi\u1ea3i ph\u00f3ng n\u00f3 m\u00e0 th\u00f4i.<\/p>\n\n\n\n<p><strong>C\u00c2U H\u1eceI:<\/strong>&nbsp;Xin cho t\u00f4i m\u1ed9t l\u1eddi khuy\u00ean l\u00e0 n\u1ebfu tham gia ch\u01b0\u01a1ng tr\u00ecnh t\u00f4i c\u1ea7n ph\u1ea3i c\u00f3 nh\u1eefng l\u01b0u \u00fd g\u00ec \u0111\u1ec3 \u0111\u1ea1t \u0111\u01b0\u1ee3c hi\u1ec7u qu\u1ea3 cao nh\u1ea5t<\/p>\n\n\n\n<p><strong>TR\u1ea2 L\u1edcI:<\/strong>&nbsp;B\u1ea1n c\u1ea7n \u0111\u1ebfn v\u1edbi tinh th\u1ea7n m\u1edf l\u00f2ng v\u00e0 s\u1eb5n s\u00e0ng thay \u0111\u1ed5i, ch\u00fang t\u00f4i khuy\u1ebfn kh\u00edch m\u1ecdi ng\u01b0\u1eddi v\u01b0\u1ee3t qua gi\u1edbi h\u1ea1n c\u1ee7a m\u00ecnh v\u00e0 t\u00ecm ki\u1ebfm s\u1ef1 ph\u00e1t tri\u1ec3n b\u1ea3n th\u00e2n<\/p>\n\n\n\n<p>L\u1eafng nghe m\u1ed9t c\u00e1ch ch\u00fa t\u00e2m v\u00e0 th\u1ef1c h\u00e0nh nghi\u00eam t\u00fac<\/p>\n\n\n\n<p>Ki\u00ean tr\u00ec v\u00e0 kh\u00f4ng b\u1ecf cu\u1ed9c<\/p>\n","protected":false},"excerpt":{"rendered":"<p>C\u00c2U H\u1eceI:&nbsp;T\u00f4i nghe n\u00f3i ch\u01b0\u01a1ng tr\u00ecnh \u201cL\u00e3nh \u0111\u1ea1o \u0111\u1ebfn th\u00e0nh c\u00f4ng b\u1eb1ng tr\u00e1i tim\u201d c\u1ee7a HUG VIETNAM \u0111\u00e3 gi\u00fap nhi\u1ec1u ng\u01b0\u1eddi thay \u0111\u1ed5i cu\u1ed9c s\u1ed1ng.&hellip;<\/p>\n","protected":false},"author":3,"featured_media":0,"parent":0,"menu_order":0,"comment_status":"closed","ping_status":"closed","template":"","meta":{"_gspb_post_css":"","jetpack_post_was_ever_published":false,"footnotes":""},"class_list":["post-476","page","type-page","status-publish","hentry"],"jetpack_sharing_enabled":true,"_links":{"self":[{"href":"https:\/\/hugvietnam.com\/index.php?rest_route=\/wp\/v2\/pages\/476","targetHints":{"allow":["GET"]}}],"collection":[{"href":"https:\/\/hugvietnam.com\/index.php?rest_route=\/wp\/v2\/pages"}],"about":[{"href":"https:\/\/hugvietnam.com\/index.php?rest_route=\/wp\/v2\/types\/page"}],"author":[{"embeddable":true,"href":"https:\/\/hugvietnam.com\/index.php?rest_route=\/wp\/v2\/users\/3"}],"replies":[{"embeddable":true,"href":"https:\/\/hugvietnam.com\/index.php?rest_route=%2Fwp%2Fv2%2Fcomments&post=476"}],"version-history":[{"count":0,"href":"https:\/\/hugvietnam.com\/index.php?rest_route=\/wp\/v2\/pages\/476\/revisions"}],"wp:attachment":[{"href":"https:\/\/hugvietnam.com\/index.php?rest_route=%2Fwp%2Fv2%2Fmedia&parent=476"}],"curies":[{"name":"wp","href":"https:\/\/api.w.org\/{rel}","templated":true}]}}