{"id":487,"date":"2024-11-17T01:51:06","date_gmt":"2024-11-16T18:51:06","guid":{"rendered":"https:\/\/hugvietnam.com\/?page_id=487"},"modified":"2024-12-07T22:12:45","modified_gmt":"2024-12-07T15:12:45","slug":"cac-chuong-trinh-cua-hug","status":"publish","type":"page","link":"https:\/\/hugvietnam.com\/?page_id=487","title":{"rendered":"C\u00e1c ch\u01b0\u01a1ng tr\u00ecnh c\u1ee7a HUG"},"content":{"rendered":"\n<figure class=\"wp-block-image size-large is-resized\"><img loading=\"lazy\" decoding=\"async\" width=\"1024\" height=\"683\" src=\"https:\/\/hugvietnam.com\/wp-content\/uploads\/2024\/11\/HUG-K10-Recovered-1024x683.jpg\" alt=\"\" class=\"wp-image-619\" style=\"width:351px;height:auto\" srcset=\"https:\/\/hugvietnam.com\/wp-content\/uploads\/2024\/11\/HUG-K10-Recovered-1024x683.jpg 1024w, https:\/\/hugvietnam.com\/wp-content\/uploads\/2024\/11\/HUG-K10-Recovered-300x200.jpg 300w, https:\/\/hugvietnam.com\/wp-content\/uploads\/2024\/11\/HUG-K10-Recovered-768x512.jpg 768w, https:\/\/hugvietnam.com\/wp-content\/uploads\/2024\/11\/HUG-K10-Recovered-1536x1024.jpg 1536w, https:\/\/hugvietnam.com\/wp-content\/uploads\/2024\/11\/HUG-K10-Recovered-1200x800.jpg 1200w, https:\/\/hugvietnam.com\/wp-content\/uploads\/2024\/11\/HUG-K10-Recovered-600x400.jpg 600w, https:\/\/hugvietnam.com\/wp-content\/uploads\/2024\/11\/HUG-K10-Recovered.jpg 1708w\" sizes=\"auto, (max-width: 1024px) 100vw, 1024px\" \/><\/figure>\n\n\n\n<p>Hi\u1ec7n nay<strong> <a href=\"https:\/\/hugvietnam.com\/?page_id=468\" data-type=\"page\" data-id=\"468\">L\u00c3NH \u0110\u1ea0O \u0110\u1ebeN TH\u00c0NH C\u00d4NG B\u1eb0NG TR\u00c1I TIM<\/a><\/strong> l\u00e0 ch\u01b0\u01a1ng tr\u00ecnh t\u01b0 v\u1ea5n k\u00e8m tr\u1ea3i nghi\u1ec7m <strong>duy nh\u1ea5t l\u00e0 c\u1ee7a HUG VIETNAM<\/strong>.<\/p>\n\n\n\n<p>B\u00ean c\u1ea1nh \u0111\u00f3 l\u00e0 m\u1ed9t s\u1ed1 ch\u01b0\u01a1ng tr\u00ecnh t\u01b0 v\u1ea5n c\u00e1 nh\u00e2n 1-1 theo nhi\u1ec1u c\u1ea5p \u0111\u1ed9<\/p>\n\n\n\n<p><\/p>\n\n\n\n<p>Ngo\u00e0i ra ch\u00fang t\u00f4i c\u0169ng \u0111\u00e3 c\u00f3 m\u1ed9t s\u1ed1 ch\u01b0\u01a1ng tr\u00ecnh h\u1ee3p t\u00e1c c\u00f9ng c\u00e1c t\u1ed5 ch\u1ee9c v\u00e0 c\u00e1 nh\u00e2n kh\u00e1c t\u1ea1i Vietnam. \u1ede c\u00e1c ch\u01b0\u01a1ng tr\u00ecnh \u0111\u00f3 ch\u00fang t\u00f4i x\u00e2y d\u1ef1ng v\u00e0 thi\u1ebft k\u1ebf theo c\u00e1c m\u1ee5c ti\u00eau kh\u00e1c nhau c\u1ee7a kh\u00e1ch h\u00e0ng n\u00ean n\u1ed9i dung v\u00e0 t\u00ean ch\u01b0\u01a1ng tr\u00ecnh c\u0169ng c\u00f3 s\u1ef1 kh\u00e1c bi\u1ec7t.<\/p>\n\n\n\n<p>N\u1ebfu qu\u00fd v\u1ecb c\u00f3 nhu c\u1ea7u h\u1ee3p t\u00e1c, xin vui l\u00f2ng li\u00ean h\u1ec7 v\u1edbi ch\u00fang t\u00f4i<\/p>\n\n\n\n<p><\/p>\n","protected":false},"excerpt":{"rendered":"<p>Hi\u1ec7n nay L\u00c3NH \u0110\u1ea0O \u0110\u1ebeN TH\u00c0NH C\u00d4NG B\u1eb0NG TR\u00c1I TIM l\u00e0 ch\u01b0\u01a1ng tr\u00ecnh t\u01b0 v\u1ea5n k\u00e8m tr\u1ea3i nghi\u1ec7m duy nh\u1ea5t l\u00e0 c\u1ee7a HUG VIETNAM. B\u00ean&hellip;<\/p>\n","protected":false},"author":3,"featured_media":0,"parent":0,"menu_order":0,"comment_status":"closed","ping_status":"closed","template":"","meta":{"_gspb_post_css":"","jetpack_post_was_ever_published":false,"footnotes":""},"class_list":["post-487","page","type-page","status-publish","hentry"],"jetpack_sharing_enabled":true,"_links":{"self":[{"href":"https:\/\/hugvietnam.com\/index.php?rest_route=\/wp\/v2\/pages\/487","targetHints":{"allow":["GET"]}}],"collection":[{"href":"https:\/\/hugvietnam.com\/index.php?rest_route=\/wp\/v2\/pages"}],"about":[{"href":"https:\/\/hugvietnam.com\/index.php?rest_route=\/wp\/v2\/types\/page"}],"author":[{"embeddable":true,"href":"https:\/\/hugvietnam.com\/index.php?rest_route=\/wp\/v2\/users\/3"}],"replies":[{"embeddable":true,"href":"https:\/\/hugvietnam.com\/index.php?rest_route=%2Fwp%2Fv2%2Fcomments&post=487"}],"version-history":[{"count":1,"href":"https:\/\/hugvietnam.com\/index.php?rest_route=\/wp\/v2\/pages\/487\/revisions"}],"predecessor-version":[{"id":767,"href":"https:\/\/hugvietnam.com\/index.php?rest_route=\/wp\/v2\/pages\/487\/revisions\/767"}],"wp:attachment":[{"href":"https:\/\/hugvietnam.com\/index.php?rest_route=%2Fwp%2Fv2%2Fmedia&parent=487"}],"curies":[{"name":"wp","href":"https:\/\/api.w.org\/{rel}","templated":true}]}}