{"id":502,"date":"2024-11-17T03:17:34","date_gmt":"2024-11-16T20:17:34","guid":{"rendered":"https:\/\/hugvietnam.com\/?page_id=502"},"modified":"2024-11-17T19:09:40","modified_gmt":"2024-11-17T12:09:40","slug":"video","status":"publish","type":"page","link":"https:\/\/hugvietnam.com\/?page_id=502","title":{"rendered":"Video"},"content":{"rendered":"\n<p>C\u00d4 ALEX L\u00c0M VI\u1ec6C V\u1edaI H\u1eccC SINH TR\u01af\u1edcNG \u0110O\u00c0N TH\u1eca \u0110I\u1ec2M<\/p>\n\n\n\n<figure class=\"wp-block-embed is-type-video is-provider-youtube wp-block-embed-youtube wp-embed-aspect-16-9 wp-has-aspect-ratio\"><div class=\"wp-block-embed__wrapper\">\n<iframe loading=\"lazy\" title=\"\u0110\u00e1nh th\u1ee9c c\u1ea3m x\u00fac\" width=\"843\" height=\"474\" src=\"https:\/\/www.youtube.com\/embed\/3er-yrFEO3I?list=PLKWWZxvwLWXK7E7C8y8uRDlrPf4XEW4vq\" frameborder=\"0\" allow=\"accelerometer; autoplay; clipboard-write; encrypted-media; gyroscope; picture-in-picture; web-share\" referrerpolicy=\"strict-origin-when-cross-origin\" allowfullscreen><\/iframe>\n<\/div><\/figure>\n\n\n\n<p>Gi\u1edbi thi\u1ec7u ch\u01b0\u01a1ng tr\u00ecnh L\u00c3NH \u0110\u1ea0O \u0110\u1ebeN TH\u00c0NH C\u00d4NG B\u1eb0NG TR\u00c1I TIM<\/p>\n\n\n\n<figure class=\"wp-block-embed is-type-video is-provider-youtube wp-block-embed-youtube wp-embed-aspect-16-9 wp-has-aspect-ratio\"><div class=\"wp-block-embed__wrapper\">\n<iframe loading=\"lazy\" title=\"Gi\u1edbi thi\u1ec7u ch\u01b0\u01a1ng tr\u00ecnh TVTN L\u00c3NH \u0110\u1ea0O \u0110\u1ebeN TH\u00c0NH C\u00d4NG B\u1eb0NG TR\u00c1I TIM\" width=\"843\" height=\"474\" src=\"https:\/\/www.youtube.com\/embed\/8kOeO-RKMWQ?feature=oembed\" frameborder=\"0\" allow=\"accelerometer; autoplay; clipboard-write; encrypted-media; gyroscope; picture-in-picture; web-share\" referrerpolicy=\"strict-origin-when-cross-origin\" allowfullscreen><\/iframe>\n<\/div><\/figure>\n\n\n\n<p><\/p>\n\n\n\n<p>H\u00c0NH TR\u00ccNH THAY \u0110\u1ed4I CU\u1ed8C S\u1ed0NG<\/p>\n\n\n\n<figure class=\"wp-block-embed is-type-video is-provider-youtube wp-block-embed-youtube wp-embed-aspect-16-9 wp-has-aspect-ratio\"><div class=\"wp-block-embed__wrapper\">\n<iframe loading=\"lazy\" title=\"H\u00e0nh tr\u00ecnh thay \u0111\u1ed5i cu\u1ed9c s\u1ed1ng\" width=\"843\" height=\"474\" src=\"https:\/\/www.youtube.com\/embed\/bpkCjO3f3y4?feature=oembed\" frameborder=\"0\" allow=\"accelerometer; autoplay; clipboard-write; encrypted-media; gyroscope; picture-in-picture; web-share\" referrerpolicy=\"strict-origin-when-cross-origin\" allowfullscreen><\/iframe>\n<\/div><\/figure>\n\n\n\n<p><\/p>\n\n\n\n<p><\/p>\n\n\n\n<p>\u0110\u1ec3 xem th\u00eam xin vui l\u00f2ng v\u00e0o k\u00eanh <a href=\"https:\/\/www.youtube.com\/@hugvietnam2019\" data-type=\"link\" data-id=\"https:\/\/www.youtube.com\/@hugvietnam2019\">Youtube c\u1ee7a HUG VIETNAM.<\/a> H\u00e3y like v\u00e0 \u0111\u0103ng k\u00fd k\u00eanh \u0111\u1ec3 kh\u00f4ng b\u1ecf l\u1ee1 nh\u1eefng video b\u1ed5 \u00edch m\u00e0 ch\u00fang t\u00f4i s\u1ebd \u0111\u0103ng t\u1ea3i. XZin c\u1ea3m \u01a1n c\u00e1c b\u1ea1n \u0111\u00e3 quan t\u00e2m theo d\u00f5i<\/p>\n\n\n\n<p><\/p>\n","protected":false},"excerpt":{"rendered":"<p>C\u00d4 ALEX L\u00c0M VI\u1ec6C V\u1edaI H\u1eccC SINH TR\u01af\u1edcNG \u0110O\u00c0N TH\u1eca \u0110I\u1ec2M Gi\u1edbi thi\u1ec7u ch\u01b0\u01a1ng tr\u00ecnh L\u00c3NH \u0110\u1ea0O \u0110\u1ebeN TH\u00c0NH C\u00d4NG B\u1eb0NG TR\u00c1I TIM H\u00c0NH TR\u00ccNH&hellip;<\/p>\n","protected":false},"author":3,"featured_media":0,"parent":0,"menu_order":0,"comment_status":"closed","ping_status":"closed","template":"","meta":{"_gspb_post_css":"","jetpack_post_was_ever_published":false,"footnotes":""},"class_list":["post-502","page","type-page","status-publish","hentry"],"jetpack_sharing_enabled":true,"_links":{"self":[{"href":"https:\/\/hugvietnam.com\/index.php?rest_route=\/wp\/v2\/pages\/502","targetHints":{"allow":["GET"]}}],"collection":[{"href":"https:\/\/hugvietnam.com\/index.php?rest_route=\/wp\/v2\/pages"}],"about":[{"href":"https:\/\/hugvietnam.com\/index.php?rest_route=\/wp\/v2\/types\/page"}],"author":[{"embeddable":true,"href":"https:\/\/hugvietnam.com\/index.php?rest_route=\/wp\/v2\/users\/3"}],"replies":[{"embeddable":true,"href":"https:\/\/hugvietnam.com\/index.php?rest_route=%2Fwp%2Fv2%2Fcomments&post=502"}],"version-history":[{"count":0,"href":"https:\/\/hugvietnam.com\/index.php?rest_route=\/wp\/v2\/pages\/502\/revisions"}],"wp:attachment":[{"href":"https:\/\/hugvietnam.com\/index.php?rest_route=%2Fwp%2Fv2%2Fmedia&parent=502"}],"curies":[{"name":"wp","href":"https:\/\/api.w.org\/{rel}","templated":true}]}}